{"id":18377,"date":"2021-09-16T12:57:16","date_gmt":"2021-09-16T15:57:16","guid":{"rendered":"https:\/\/www.hoteldelreyfoz.com\/?page_id=18377"},"modified":"2025-10-24T11:17:44","modified_gmt":"2025-10-24T14:17:44","slug":"foz-do-iguacu-hotel-packages","status":"publish","type":"page","link":"https:\/\/www.hoteldelreyfoz.com\/en\/del-rey-quality-hotel-in-foz-do-iguacu\/foz-do-iguacu-hotel-packages\/","title":{"rendered":"Packages to Foz do Igua\u00e7u and Promotions"},"content":{"rendered":"<div data-elementor-type=\"wp-page\" data-elementor-id=\"18377\" class=\"elementor elementor-18377\">\n\t\t\t\t\t\t\t\t\t<section class=\"elementor-section elementor-top-section elementor-element elementor-element-8e9597b elementor-section-height-min-height elementor-section-boxed elementor-section-height-default elementor-section-items-middle\" data-id=\"8e9597b\" data-element_type=\"section\" data-settings=\"{&quot;background_background&quot;:&quot;classic&quot;}\">\n\t\t\t\t\t\t<div class=\"elementor-container elementor-column-gap-default\">\n\t\t\t\t\t<div class=\"elementor-column elementor-col-100 elementor-top-column elementor-element elementor-element-83efe1e\" data-id=\"83efe1e\" data-element_type=\"column\">\n\t\t\t<div class=\"elementor-widget-wrap\">\n\t\t\t\t\t\t\t\t\t<\/div>\n\t\t<\/div>\n\t\t\t\t\t\t\t<\/div>\n\t\t<\/section>\n\t\t\t\t<section class=\"elementor-section elementor-top-section elementor-element elementor-element-b8ef4a0 elementor-section-height-min-height elementor-section-boxed elementor-section-height-default elementor-section-items-middle\" data-id=\"b8ef4a0\" data-element_type=\"section\" data-settings=\"{&quot;background_background&quot;:&quot;classic&quot;}\">\n\t\t\t\t\t\t<div class=\"elementor-container elementor-column-gap-default\">\n\t\t\t\t\t<div class=\"elementor-column elementor-col-50 elementor-top-column elementor-element elementor-element-77f814c\" data-id=\"77f814c\" data-element_type=\"column\">\n\t\t\t<div class=\"elementor-widget-wrap elementor-element-populated\">\n\t\t\t\t\t\t\t\t<div class=\"elementor-element elementor-element-ecc84c5 elementor-widget elementor-widget-heading\" data-id=\"ecc84c5\" data-element_type=\"widget\" data-widget_type=\"heading.default\">\n\t\t\t\t<div class=\"elementor-widget-container\">\n\t\t\t<h1 class=\"elementor-heading-title elementor-size-default\">Packages to Foz do Igua\u00e7u and Promotions<\/h1>\t\t<\/div>\n\t\t\t\t<\/div>\n\t\t\t\t\t<\/div>\n\t\t<\/div>\n\t\t\t\t<div class=\"elementor-column elementor-col-50 elementor-top-column elementor-element elementor-element-9f7c4ce\" data-id=\"9f7c4ce\" data-element_type=\"column\">\n\t\t\t<div class=\"elementor-widget-wrap elementor-element-populated\">\n\t\t\t\t\t\t\t\t<div class=\"elementor-element elementor-element-daecd03 elementor-align-right elementor-mobile-align-center elementor-widget elementor-widget-breadcrumbs\" data-id=\"daecd03\" data-element_type=\"widget\" data-widget_type=\"breadcrumbs.default\">\n\t\t\t\t<div class=\"elementor-widget-container\">\n\t\t\t<p id=\"breadcrumbs\"><span><span><a href=\"https:\/\/www.hoteldelreyfoz.com\/en\/\">Start<\/a><\/span><\/span><\/p>\t\t<\/div>\n\t\t\t\t<\/div>\n\t\t\t\t\t<\/div>\n\t\t<\/div>\n\t\t\t\t\t\t\t<\/div>\n\t\t<\/section>\n\t\t\t\t<section class=\"elementor-section elementor-top-section elementor-element elementor-element-a76c821 elementor-section-full_width elementor-section-height-default elementor-section-height-default\" data-id=\"a76c821\" data-element_type=\"section\">\n\t\t\t\t\t\t<div class=\"elementor-container elementor-column-gap-default\">\n\t\t\t\t\t<div class=\"elementor-column elementor-col-50 elementor-top-column elementor-element elementor-element-a8801db\" data-id=\"a8801db\" data-element_type=\"column\" data-settings=\"{&quot;background_background&quot;:&quot;classic&quot;}\">\n\t\t\t<div class=\"elementor-widget-wrap elementor-element-populated\">\n\t\t\t\t\t\t\t\t<div class=\"elementor-element elementor-element-9c68ad2 elementor-widget elementor-widget-spacer\" data-id=\"9c68ad2\" data-element_type=\"widget\" data-widget_type=\"spacer.default\">\n\t\t\t\t<div class=\"elementor-widget-container\">\n\t\t\t\t\t<div class=\"elementor-spacer\">\n\t\t\t<div class=\"elementor-spacer-inner\"><\/div>\n\t\t<\/div>\n\t\t\t\t<\/div>\n\t\t\t\t<\/div>\n\t\t\t\t\t<\/div>\n\t\t<\/div>\n\t\t\t\t<div class=\"elementor-column elementor-col-50 elementor-top-column elementor-element elementor-element-10a3624\" data-id=\"10a3624\" data-element_type=\"column\" data-settings=\"{&quot;background_background&quot;:&quot;classic&quot;}\">\n\t\t\t<div class=\"elementor-widget-wrap elementor-element-populated\">\n\t\t\t\t\t\t\t\t<div class=\"elementor-element elementor-element-0c85db0 elementor-widget elementor-widget-heading\" data-id=\"0c85db0\" data-element_type=\"widget\" data-widget_type=\"heading.default\">\n\t\t\t\t<div class=\"elementor-widget-container\">\n\t\t\t<h2 class=\"elementor-heading-title elementor-size-default\">Discover our promotions<\/h2>\t\t<\/div>\n\t\t\t\t<\/div>\n\t\t\t\t<div class=\"elementor-element elementor-element-948b5f6 elementor-widget elementor-widget-text-editor\" data-id=\"948b5f6\" data-element_type=\"widget\" data-widget_type=\"text-editor.default\">\n\t\t\t\t<div class=\"elementor-widget-container\">\n\t\t\t\t\t\t\tTake advantage of our packages and promotions to stay at a discount. Come live unforgettable experiences, with more affordable prices, in the Triple Frontier!\t\t\t\t\t\t<\/div>\n\t\t\t\t<\/div>\n\t\t\t\t<div class=\"elementor-element elementor-element-4b1280a elementor-widget elementor-widget-text-editor\" data-id=\"4b1280a\" data-element_type=\"widget\" data-widget_type=\"text-editor.default\">\n\t\t\t\t<div class=\"elementor-widget-container\">\n\t\t\t\t\t\t\t<p>Check out the packages and promotions available at our hotel below:<\/p>\t\t\t\t\t\t<\/div>\n\t\t\t\t<\/div>\n\t\t\t\t\t<\/div>\n\t\t<\/div>\n\t\t\t\t\t\t\t<\/div>\n\t\t<\/section>\n\t\t\t\t<section class=\"elementor-section elementor-top-section elementor-element elementor-element-4717e9d elementor-section-full_width elementor-section-height-default elementor-section-height-default\" data-id=\"4717e9d\" data-element_type=\"section\">\n\t\t\t\t\t\t<div class=\"elementor-container elementor-column-gap-default\">\n\t\t\t\t\t<div class=\"elementor-column elementor-col-100 elementor-top-column elementor-element elementor-element-3eadd4b\" data-id=\"3eadd4b\" data-element_type=\"column\" data-settings=\"{&quot;background_background&quot;:&quot;classic&quot;}\">\n\t\t\t<div class=\"elementor-widget-wrap elementor-element-populated\">\n\t\t\t\t\t\t\t\t<section class=\"elementor-section elementor-inner-section elementor-element elementor-element-395bf8c elementor-section-boxed elementor-section-height-default elementor-section-height-default\" data-id=\"395bf8c\" data-element_type=\"section\">\n\t\t\t\t\t\t<div class=\"elementor-container elementor-column-gap-default\">\n\t\t\t\t\t<div class=\"elementor-column elementor-col-50 elementor-inner-column elementor-element elementor-element-44c2132 elementor-invisible\" data-id=\"44c2132\" data-element_type=\"column\" data-settings=\"{&quot;background_background&quot;:&quot;classic&quot;,&quot;animation&quot;:&quot;fadeInUp&quot;}\">\n\t\t\t<div class=\"elementor-widget-wrap elementor-element-populated\">\n\t\t\t\t\t\t\t\t<div class=\"elementor-element elementor-element-453397d elementor-widget elementor-widget-image\" data-id=\"453397d\" data-element_type=\"widget\" data-widget_type=\"image.default\">\n\t\t\t\t<div class=\"elementor-widget-container\">\n\t\t\t\t\t\t\t\t\t\t\t\t\t\t\t\t<a href=\"https:\/\/www.hoteldelreyfoz.com.br\/del-rey-quality-hotel-em-foz-do-iguacu\/pacotes-hotel-foz-do-iguacu\/mes-das-criancas-em-foz\/\">\n\t\t\t\t\t\t\t<img decoding=\"async\" loading=\"lazy\" width=\"600\" height=\"600\" src=\"https:\/\/www.hoteldelreyfoz.com\/wp-content\/uploads\/2023\/05\/ferias-de-julho-min-1.jpg\" class=\"attachment-large size-large wp-image-21487\" alt=\"\" srcset=\"https:\/\/www.hoteldelreyfoz.com\/wp-content\/uploads\/2023\/05\/ferias-de-julho-min-1.jpg 600w, https:\/\/www.hoteldelreyfoz.com\/wp-content\/uploads\/2023\/05\/ferias-de-julho-min-1-300x300.jpg 300w, https:\/\/www.hoteldelreyfoz.com\/wp-content\/uploads\/2023\/05\/ferias-de-julho-min-1-150x150.jpg 150w\" sizes=\"(max-width: 600px) 100vw, 600px\" \/>\t\t\t\t\t\t\t\t<\/a>\n\t\t\t\t\t\t\t\t\t\t\t\t\t\t\t<\/div>\n\t\t\t\t<\/div>\n\t\t\t\t<div class=\"elementor-element elementor-element-00478c0 elementor-vertical-align-top elementor-widget elementor-widget-icon-box\" data-id=\"00478c0\" data-element_type=\"widget\" data-widget_type=\"icon-box.default\">\n\t\t\t\t<div class=\"elementor-widget-container\">\n\t\t\t\t\t<div class=\"elementor-icon-box-wrapper\">\n\t\t\t\t\t\t<div class=\"elementor-icon-box-content\">\n\t\t\t\t<h3 class=\"elementor-icon-box-title\">\n\t\t\t\t\t<span  >\n\t\t\t\t\t\tExtended holiday\t\t\t\t\t<\/span>\n\t\t\t\t<\/h3>\n\t\t\t\t\t\t\t<\/div>\n\t\t<\/div>\n\t\t\t\t<\/div>\n\t\t\t\t<\/div>\n\t\t\t\t<div class=\"elementor-element elementor-element-46fc980 elementor-widget elementor-widget-text-editor\" data-id=\"46fc980\" data-element_type=\"widget\" data-widget_type=\"text-editor.default\">\n\t\t\t\t<div class=\"elementor-widget-container\">\n\t\t\t\t\t\t\tCome and enjoy the July holidays in Foz do Igua\u00e7u. Make your reservation with 10% discount!\t\t\t\t\t\t<\/div>\n\t\t\t\t<\/div>\n\t\t\t\t<div class=\"elementor-element elementor-element-d6791f2 elementor-mobile-align-left elementor-align-left elementor-widget elementor-widget-button\" data-id=\"d6791f2\" data-element_type=\"widget\" data-widget_type=\"button.default\">\n\t\t\t\t<div class=\"elementor-widget-container\">\n\t\t\t\t\t<div class=\"elementor-button-wrapper\">\n\t\t\t<a class=\"elementor-button elementor-button-link elementor-size-sm elementor-animation-float\" href=\"https:\/\/myreservations.omnibees.com\/default.aspx?q=2694&#038;lang=pt-BR&#038;CheckIn=&#038;CheckOut=&#038;ad=1&#038;ch=0\">\n\t\t\t\t\t\t<span class=\"elementor-button-content-wrapper\">\n\t\t\t\t\t\t<span class=\"elementor-button-text\">Make your reservation \u2192<\/span>\n\t\t<\/span>\n\t\t\t\t\t<\/a>\n\t\t<\/div>\n\t\t\t\t<\/div>\n\t\t\t\t<\/div>\n\t\t\t\t\t<\/div>\n\t\t<\/div>\n\t\t\t\t<div class=\"elementor-column elementor-col-50 elementor-inner-column elementor-element elementor-element-4c15cba elementor-invisible\" data-id=\"4c15cba\" data-element_type=\"column\" data-settings=\"{&quot;background_background&quot;:&quot;classic&quot;,&quot;animation&quot;:&quot;fadeInUp&quot;}\">\n\t\t\t<div class=\"elementor-widget-wrap elementor-element-populated\">\n\t\t\t\t\t\t\t\t<div class=\"elementor-element elementor-element-6dfb29c elementor-widget elementor-widget-image\" data-id=\"6dfb29c\" data-element_type=\"widget\" data-widget_type=\"image.default\">\n\t\t\t\t<div class=\"elementor-widget-container\">\n\t\t\t\t\t\t\t\t\t\t\t\t\t\t\t<img decoding=\"async\" loading=\"lazy\" width=\"600\" height=\"600\" src=\"https:\/\/www.hoteldelreyfoz.com\/wp-content\/uploads\/2023\/07\/negocios.jpg\" class=\"attachment-large size-large wp-image-21595\" alt=\"\" srcset=\"https:\/\/www.hoteldelreyfoz.com\/wp-content\/uploads\/2023\/07\/negocios.jpg 600w, https:\/\/www.hoteldelreyfoz.com\/wp-content\/uploads\/2023\/07\/negocios-300x300.jpg 300w, https:\/\/www.hoteldelreyfoz.com\/wp-content\/uploads\/2023\/07\/negocios-150x150.jpg 150w\" sizes=\"(max-width: 600px) 100vw, 600px\" \/>\t\t\t\t\t\t\t\t\t\t\t\t\t\t\t<\/div>\n\t\t\t\t<\/div>\n\t\t\t\t<div class=\"elementor-element elementor-element-6f2c70c elementor-vertical-align-top elementor-widget elementor-widget-icon-box\" data-id=\"6f2c70c\" data-element_type=\"widget\" data-widget_type=\"icon-box.default\">\n\t\t\t\t<div class=\"elementor-widget-container\">\n\t\t\t\t\t<div class=\"elementor-icon-box-wrapper\">\n\t\t\t\t\t\t<div class=\"elementor-icon-box-content\">\n\t\t\t\t<h3 class=\"elementor-icon-box-title\">\n\t\t\t\t\t<span  >\n\t\t\t\t\t\tBusiness trip\t\t\t\t\t<\/span>\n\t\t\t\t<\/h3>\n\t\t\t\t\t\t\t<\/div>\n\t\t<\/div>\n\t\t\t\t<\/div>\n\t\t\t\t<\/div>\n\t\t\t\t<div class=\"elementor-element elementor-element-1e38a8d elementor-widget elementor-widget-text-editor\" data-id=\"1e38a8d\" data-element_type=\"widget\" data-widget_type=\"text-editor.default\">\n\t\t\t\t<div class=\"elementor-widget-container\">\n\t\t\t\t\t\t\t<p>We offer the perfect combination of convenience and economy for your business trip.<\/p>\t\t\t\t\t\t<\/div>\n\t\t\t\t<\/div>\n\t\t\t\t<div class=\"elementor-element elementor-element-223d2ca elementor-mobile-align-left elementor-align-left elementor-widget elementor-widget-button\" data-id=\"223d2ca\" data-element_type=\"widget\" data-widget_type=\"button.default\">\n\t\t\t\t<div class=\"elementor-widget-container\">\n\t\t\t\t\t<div class=\"elementor-button-wrapper\">\n\t\t\t<a class=\"elementor-button elementor-button-link elementor-size-sm elementor-animation-float\" href=\"https:\/\/myreservations.omnibees.com\/default.aspx?q=2694&#038;lang=pt-BR&#038;CheckIn=&#038;CheckOut=&#038;ad=1&#038;ch=0\">\n\t\t\t\t\t\t<span class=\"elementor-button-content-wrapper\">\n\t\t\t\t\t\t<span class=\"elementor-button-text\">Make your reservation \u2192<\/span>\n\t\t<\/span>\n\t\t\t\t\t<\/a>\n\t\t<\/div>\n\t\t\t\t<\/div>\n\t\t\t\t<\/div>\n\t\t\t\t\t<\/div>\n\t\t<\/div>\n\t\t\t\t\t\t\t<\/div>\n\t\t<\/section>\n\t\t\t\t\t<\/div>\n\t\t<\/div>\n\t\t\t\t\t\t\t<\/div>\n\t\t<\/section>\n\t\t\t\t<section class=\"elementor-section elementor-top-section elementor-element elementor-element-a0b3ccc elementor-section-full_width elementor-section-height-default elementor-section-height-default\" data-id=\"a0b3ccc\" data-element_type=\"section\">\n\t\t\t\t\t\t<div class=\"elementor-container elementor-column-gap-default\">\n\t\t\t\t\t<div class=\"elementor-column elementor-col-100 elementor-top-column elementor-element elementor-element-4f8c2de\" data-id=\"4f8c2de\" data-element_type=\"column\">\n\t\t\t<div class=\"elementor-widget-wrap elementor-element-populated\">\n\t\t\t\t\t\t\t\t<div class=\"elementor-element elementor-element-d91190c elementor-widget elementor-widget-google_maps\" data-id=\"d91190c\" data-element_type=\"widget\" data-widget_type=\"google_maps.default\">\n\t\t\t\t<div class=\"elementor-widget-container\">\n\t\t\t\t\t<div class=\"elementor-custom-embed\">\n\t\t\t<iframe loading=\"lazy\"\n\t\t\t\t\tsrc=\"https:\/\/maps.google.com\/maps?q=R.%20Tarob%C3%A1%2C%201020%20-%20Centro%20Foz&#038;t=m&#038;z=15&#038;output=embed&#038;iwloc=near\"\n\t\t\t\t\ttitle=\"R. Tarob\u00e1, 1020 - Centro Foz\"\n\t\t\t\t\taria-label=\"R. Tarob\u00e1, 1020 - Centro Foz\"\n\t\t\t><\/iframe>\n\t\t<\/div>\n\t\t\t\t<\/div>\n\t\t\t\t<\/div>\n\t\t\t\t\t<\/div>\n\t\t<\/div>\n\t\t\t\t\t\t\t<\/div>\n\t\t<\/section>\n\t\t\t\t\t\t\t<\/div>","protected":false},"excerpt":{"rendered":"<p>Packages and Promotions to Foz do Igua\u00e7u Discover our promotions Take advantage of our packages and promotions to stay at a discount. Come live unforgettable experiences, with more affordable prices, in the Triple Frontier! Check out the packages and promotions available at our hotel below: Extended Holiday Come enjoy the July holidays in Foz do Igua\u00e7u. Do [\u2026]<\/p>","protected":false},"author":1,"featured_media":0,"parent":16543,"menu_order":0,"comment_status":"closed","ping_status":"closed","template":"elementor_header_footer","meta":{"footnotes":""},"categories":[],"tags":[],"yoast_head":"<!-- This site is optimized with the Yoast SEO plugin v20.12 - https:\/\/yoast.com\/wordpress\/plugins\/seo\/ -->\n<title>Pacotes para Foz do Igua\u00e7u e Promo\u00e7\u00f5es - Del Rey Quality Hotel<\/title>\n<meta name=\"description\" content=\"Aproveite nossos pacotes e promo\u00e7\u00f5es! Se hospede com desconto e venha viver experi\u00eancias inesquec\u00edveis na Tr\u00edplice Fronteira!\" \/>\n<meta name=\"robots\" content=\"index, follow, max-snippet:-1, max-image-preview:large, max-video-preview:-1\" \/>\n<link rel=\"canonical\" href=\"https:\/\/www.hoteldelreyfoz.com\/en\/del-rey-quality-hotel-in-foz-do-iguacu\/foz-do-iguacu-hotel-packages\/\" \/>\n<meta property=\"og:locale\" content=\"en_US\" \/>\n<meta property=\"og:type\" content=\"article\" \/>\n<meta property=\"og:title\" content=\"Pacotes para Foz do Igua\u00e7u e Promo\u00e7\u00f5es - Del Rey Quality Hotel\" \/>\n<meta property=\"og:description\" content=\"Aproveite nossos pacotes e promo\u00e7\u00f5es! Se hospede com desconto e venha viver experi\u00eancias inesquec\u00edveis na Tr\u00edplice Fronteira!\" \/>\n<meta property=\"og:url\" content=\"https:\/\/www.hoteldelreyfoz.com\/en\/del-rey-quality-hotel-in-foz-do-iguacu\/foz-do-iguacu-hotel-packages\/\" \/>\n<meta property=\"og:site_name\" content=\"Del Rey Quality Hotel\" \/>\n<meta property=\"article:publisher\" content=\"https:\/\/www.facebook.com\/delreyfozhotel\" \/>\n<meta property=\"article:modified_time\" content=\"2025-10-24T14:17:44+00:00\" \/>\n<meta property=\"og:image\" content=\"https:\/\/www.hoteldelreyfoz.com\/wp-content\/uploads\/2023\/05\/ferias-de-julho-min-1.jpg\" \/>\n<meta name=\"twitter:card\" content=\"summary_large_image\" \/>\n<meta name=\"twitter:label1\" content=\"Est. reading time\" \/>\n\t<meta name=\"twitter:data1\" content=\"1 minute\" \/>\n<script type=\"application\/ld+json\" class=\"yoast-schema-graph\">{\"@context\":\"https:\/\/schema.org\",\"@graph\":[{\"@type\":\"WebPage\",\"@id\":\"https:\/\/www.hoteldelreyfoz.com\/en\/del-rey-quality-hotel-in-foz-do-iguacu\/foz-do-iguacu-hotel-packages\/\",\"url\":\"https:\/\/www.hoteldelreyfoz.com\/en\/del-rey-quality-hotel-in-foz-do-iguacu\/foz-do-iguacu-hotel-packages\/\",\"name\":\"Pacotes para Foz do Igua\u00e7u e Promo\u00e7\u00f5es - Del Rey Quality Hotel\",\"isPartOf\":{\"@id\":\"https:\/\/www.hoteldelreyfoz.com\/#website\"},\"datePublished\":\"2021-09-16T15:57:16+00:00\",\"dateModified\":\"2025-10-24T14:17:44+00:00\",\"description\":\"Aproveite nossos pacotes e promo\u00e7\u00f5es! Se hospede com desconto e venha viver experi\u00eancias inesquec\u00edveis na Tr\u00edplice Fronteira!\",\"breadcrumb\":{\"@id\":\"https:\/\/www.hoteldelreyfoz.com\/en\/del-rey-quality-hotel-in-foz-do-iguacu\/foz-do-iguacu-hotel-packages\/#breadcrumb\"},\"inLanguage\":\"en-US\",\"potentialAction\":[{\"@type\":\"ReadAction\",\"target\":[\"https:\/\/www.hoteldelreyfoz.com\/en\/del-rey-quality-hotel-in-foz-do-iguacu\/foz-do-iguacu-hotel-packages\/\"]}]},{\"@type\":\"BreadcrumbList\",\"@id\":\"https:\/\/www.hoteldelreyfoz.com\/en\/del-rey-quality-hotel-in-foz-do-iguacu\/foz-do-iguacu-hotel-packages\/#breadcrumb\",\"itemListElement\":[{\"@type\":\"ListItem\",\"position\":1,\"name\":\"In\u00edcio\",\"item\":\"https:\/\/www.hoteldelreyfoz.com\/en\/\"},{\"@type\":\"ListItem\",\"position\":2,\"name\":\"Del Rey Quality Hotel\",\"item\":\"https:\/\/www.hoteldelreyfoz.com\/en\/del-rey-quality-hotel-in-foz-do-iguacu\/\"},{\"@type\":\"ListItem\",\"position\":3,\"name\":\"Pacotes para Foz do Igua\u00e7u e Promo\u00e7\u00f5es\"}]},{\"@type\":\"WebSite\",\"@id\":\"https:\/\/www.hoteldelreyfoz.com\/#website\",\"url\":\"https:\/\/www.hoteldelreyfoz.com\/\",\"name\":\"Del Rey Quality Hotel\",\"description\":\"Hotel em Foz do Igua\u00e7u com pre\u00e7os acess\u00edveis, quartos amplos e localiza\u00e7\u00e3o no Centro, perto de tudo. Reserve pelo nosso site com desconto!\",\"publisher\":{\"@id\":\"https:\/\/www.hoteldelreyfoz.com\/#organization\"},\"potentialAction\":[{\"@type\":\"SearchAction\",\"target\":{\"@type\":\"EntryPoint\",\"urlTemplate\":\"https:\/\/www.hoteldelreyfoz.com\/?s={search_term_string}\"},\"query-input\":\"required name=search_term_string\"}],\"inLanguage\":\"en-US\"},{\"@type\":\"Organization\",\"@id\":\"https:\/\/www.hoteldelreyfoz.com\/#organization\",\"name\":\"Del Rey Quality Hotel\",\"url\":\"https:\/\/www.hoteldelreyfoz.com\/\",\"logo\":{\"@type\":\"ImageObject\",\"inLanguage\":\"en-US\",\"@id\":\"https:\/\/www.hoteldelreyfoz.com\/#\/schema\/logo\/image\/\",\"url\":\"https:\/\/www.hoteldelreyfoz.com.br\/wp-content\/uploads\/2021\/09\/delrey.png\",\"contentUrl\":\"https:\/\/www.hoteldelreyfoz.com.br\/wp-content\/uploads\/2021\/09\/delrey.png\",\"width\":225,\"height\":224,\"caption\":\"Del Rey Quality Hotel\"},\"image\":{\"@id\":\"https:\/\/www.hoteldelreyfoz.com\/#\/schema\/logo\/image\/\"},\"sameAs\":[\"https:\/\/www.facebook.com\/delreyfozhotel\",\"https:\/\/www.instagram.com\/delreyfoz\/\",\"https:\/\/www.youtube.com\/channel\/UCSBntO46TaFRFMvuxjJBS_w\"]}]}<\/script>\n<!-- \/ Yoast SEO plugin. -->","yoast_head_json":{"title":"Packages to Foz do Igua\u00e7u and Promotions - Del Rey Quality Hotel","description":"Take advantage of our packages and promotions! Stay at a discount and come live unforgettable experiences in the Triple Frontier!","robots":{"index":"index","follow":"follow","max-snippet":"max-snippet:-1","max-image-preview":"max-image-preview:large","max-video-preview":"max-video-preview:-1"},"canonical":"https:\/\/www.hoteldelreyfoz.com\/en\/del-rey-quality-hotel-in-foz-do-iguacu\/foz-do-iguacu-hotel-packages\/","og_locale":"en_US","og_type":"article","og_title":"Pacotes para Foz do Igua\u00e7u e Promo\u00e7\u00f5es - Del Rey Quality Hotel","og_description":"Aproveite nossos pacotes e promo\u00e7\u00f5es! Se hospede com desconto e venha viver experi\u00eancias inesquec\u00edveis na Tr\u00edplice Fronteira!","og_url":"https:\/\/www.hoteldelreyfoz.com\/en\/del-rey-quality-hotel-in-foz-do-iguacu\/foz-do-iguacu-hotel-packages\/","og_site_name":"Del Rey Quality Hotel","article_publisher":"https:\/\/www.facebook.com\/delreyfozhotel","article_modified_time":"2025-10-24T14:17:44+00:00","og_image":[{"url":"https:\/\/www.hoteldelreyfoz.com\/wp-content\/uploads\/2023\/05\/ferias-de-julho-min-1.jpg"}],"twitter_card":"summary_large_image","twitter_misc":{"Est. reading time":"1 minute"},"schema":{"@context":"https:\/\/schema.org","@graph":[{"@type":"WebPage","@id":"https:\/\/www.hoteldelreyfoz.com\/en\/del-rey-quality-hotel-in-foz-do-iguacu\/foz-do-iguacu-hotel-packages\/","url":"https:\/\/www.hoteldelreyfoz.com\/en\/del-rey-quality-hotel-in-foz-do-iguacu\/foz-do-iguacu-hotel-packages\/","name":"Packages to Foz do Igua\u00e7u and Promotions - Del Rey Quality Hotel","isPartOf":{"@id":"https:\/\/www.hoteldelreyfoz.com\/#website"},"datePublished":"2021-09-16T15:57:16+00:00","dateModified":"2025-10-24T14:17:44+00:00","description":"Take advantage of our packages and promotions! Stay at a discount and come live unforgettable experiences in the Triple Frontier!","breadcrumb":{"@id":"https:\/\/www.hoteldelreyfoz.com\/en\/del-rey-quality-hotel-in-foz-do-iguacu\/foz-do-iguacu-hotel-packages\/#breadcrumb"},"inLanguage":"en-US","potentialAction":[{"@type":"ReadAction","target":["https:\/\/www.hoteldelreyfoz.com\/en\/del-rey-quality-hotel-in-foz-do-iguacu\/foz-do-iguacu-hotel-packages\/"]}]},{"@type":"BreadcrumbList","@id":"https:\/\/www.hoteldelreyfoz.com\/en\/del-rey-quality-hotel-in-foz-do-iguacu\/foz-do-iguacu-hotel-packages\/#breadcrumb","itemListElement":[{"@type":"ListItem","position":1,"name":"In\u00edcio","item":"https:\/\/www.hoteldelreyfoz.com\/en\/"},{"@type":"ListItem","position":2,"name":"Del Rey Quality Hotel","item":"https:\/\/www.hoteldelreyfoz.com\/en\/del-rey-quality-hotel-in-foz-do-iguacu\/"},{"@type":"ListItem","position":3,"name":"Pacotes para Foz do Igua\u00e7u e Promo\u00e7\u00f5es"}]},{"@type":"WebSite","@id":"https:\/\/www.hoteldelreyfoz.com\/#website","url":"https:\/\/www.hoteldelreyfoz.com\/","name":"Del Rey Quality Hotel","description":"Hotel in Foz do Igua\u00e7u with affordable prices, spacious rooms and central location, close to everything. Book through our website with a discount!","publisher":{"@id":"https:\/\/www.hoteldelreyfoz.com\/#organization"},"potentialAction":[{"@type":"SearchAction","target":{"@type":"EntryPoint","urlTemplate":"https:\/\/www.hoteldelreyfoz.com\/?s={search_term_string}"},"query-input":"required name=search_term_string"}],"inLanguage":"en-US"},{"@type":"Organization","@id":"https:\/\/www.hoteldelreyfoz.com\/#organization","name":"Del Rey Quality Hotel","url":"https:\/\/www.hoteldelreyfoz.com\/","logo":{"@type":"ImageObject","inLanguage":"en-US","@id":"https:\/\/www.hoteldelreyfoz.com\/#\/schema\/logo\/image\/","url":"https:\/\/www.hoteldelreyfoz.com.br\/wp-content\/uploads\/2021\/09\/delrey.png","contentUrl":"https:\/\/www.hoteldelreyfoz.com.br\/wp-content\/uploads\/2021\/09\/delrey.png","width":225,"height":224,"caption":"Del Rey Quality Hotel"},"image":{"@id":"https:\/\/www.hoteldelreyfoz.com\/#\/schema\/logo\/image\/"},"sameAs":["https:\/\/www.facebook.com\/delreyfozhotel","https:\/\/www.instagram.com\/delreyfoz\/","https:\/\/www.youtube.com\/channel\/UCSBntO46TaFRFMvuxjJBS_w"]}]}},"_links":{"self":[{"href":"https:\/\/www.hoteldelreyfoz.com\/en\/wp-json\/wp\/v2\/pages\/18377"}],"collection":[{"href":"https:\/\/www.hoteldelreyfoz.com\/en\/wp-json\/wp\/v2\/pages"}],"about":[{"href":"https:\/\/www.hoteldelreyfoz.com\/en\/wp-json\/wp\/v2\/types\/page"}],"author":[{"embeddable":true,"href":"https:\/\/www.hoteldelreyfoz.com\/en\/wp-json\/wp\/v2\/users\/1"}],"replies":[{"embeddable":true,"href":"https:\/\/www.hoteldelreyfoz.com\/en\/wp-json\/wp\/v2\/comments?post=18377"}],"version-history":[{"count":27,"href":"https:\/\/www.hoteldelreyfoz.com\/en\/wp-json\/wp\/v2\/pages\/18377\/revisions"}],"predecessor-version":[{"id":23377,"href":"https:\/\/www.hoteldelreyfoz.com\/en\/wp-json\/wp\/v2\/pages\/18377\/revisions\/23377"}],"up":[{"embeddable":true,"href":"https:\/\/www.hoteldelreyfoz.com\/en\/wp-json\/wp\/v2\/pages\/16543"}],"wp:attachment":[{"href":"https:\/\/www.hoteldelreyfoz.com\/en\/wp-json\/wp\/v2\/media?parent=18377"}],"wp:term":[{"taxonomy":"category","embeddable":true,"href":"https:\/\/www.hoteldelreyfoz.com\/en\/wp-json\/wp\/v2\/categories?post=18377"},{"taxonomy":"post_tag","embeddable":true,"href":"https:\/\/www.hoteldelreyfoz.com\/en\/wp-json\/wp\/v2\/tags?post=18377"}],"curies":[{"name":"wp","href":"https:\/\/api.w.org\/{rel}","templated":true}]}}