{"id":16728,"date":"2021-07-02T16:39:29","date_gmt":"2021-07-02T19:39:29","guid":{"rendered":"https:\/\/www.hoteldelreyfoz.com\/?page_id=16728"},"modified":"2025-12-15T23:25:18","modified_gmt":"2025-12-16T02:25:18","slug":"leisure-pool-and-games-room","status":"publish","type":"page","link":"https:\/\/www.hoteldelreyfoz.com\/en\/del-rey-quality-hotel-in-foz-do-iguacu\/leisure-pool-and-games-room\/","title":{"rendered":"Leisure \u2013 Pool and Games Room"},"content":{"rendered":"<div data-elementor-type=\"wp-page\" data-elementor-id=\"16728\" class=\"elementor elementor-16728\">\n\t\t\t\t\t\t\t\t\t<section class=\"elementor-section elementor-top-section elementor-element elementor-element-8e9597b elementor-section-height-min-height elementor-section-boxed elementor-section-height-default elementor-section-items-middle\" data-id=\"8e9597b\" data-element_type=\"section\" data-settings=\"{&quot;background_background&quot;:&quot;classic&quot;}\">\n\t\t\t\t\t\t<div class=\"elementor-container elementor-column-gap-default\">\n\t\t\t\t\t<div class=\"elementor-column elementor-col-100 elementor-top-column elementor-element elementor-element-83efe1e\" data-id=\"83efe1e\" data-element_type=\"column\">\n\t\t\t<div class=\"elementor-widget-wrap\">\n\t\t\t\t\t\t\t\t\t<\/div>\n\t\t<\/div>\n\t\t\t\t\t\t\t<\/div>\n\t\t<\/section>\n\t\t\t\t<section class=\"elementor-section elementor-top-section elementor-element elementor-element-b8ef4a0 elementor-section-height-min-height elementor-section-boxed elementor-section-height-default elementor-section-items-middle\" data-id=\"b8ef4a0\" data-element_type=\"section\" data-settings=\"{&quot;background_background&quot;:&quot;classic&quot;}\">\n\t\t\t\t\t\t<div class=\"elementor-container elementor-column-gap-default\">\n\t\t\t\t\t<div class=\"elementor-column elementor-col-50 elementor-top-column elementor-element elementor-element-77f814c\" data-id=\"77f814c\" data-element_type=\"column\">\n\t\t\t<div class=\"elementor-widget-wrap elementor-element-populated\">\n\t\t\t\t\t\t\t\t<div class=\"elementor-element elementor-element-ecc84c5 elementor-widget elementor-widget-heading\" data-id=\"ecc84c5\" data-element_type=\"widget\" data-widget_type=\"heading.default\">\n\t\t\t\t<div class=\"elementor-widget-container\">\n\t\t\t<h1 class=\"elementor-heading-title elementor-size-default\">Leisure \u2013 Pool and Games Room<\/h1>\t\t<\/div>\n\t\t\t\t<\/div>\n\t\t\t\t\t<\/div>\n\t\t<\/div>\n\t\t\t\t<div class=\"elementor-column elementor-col-50 elementor-top-column elementor-element elementor-element-9f7c4ce\" data-id=\"9f7c4ce\" data-element_type=\"column\">\n\t\t\t<div class=\"elementor-widget-wrap elementor-element-populated\">\n\t\t\t\t\t\t\t\t<div class=\"elementor-element elementor-element-daecd03 elementor-align-right elementor-mobile-align-center elementor-widget elementor-widget-breadcrumbs\" data-id=\"daecd03\" data-element_type=\"widget\" data-widget_type=\"breadcrumbs.default\">\n\t\t\t\t<div class=\"elementor-widget-container\">\n\t\t\t<p id=\"breadcrumbs\"><span><span><a href=\"https:\/\/www.hoteldelreyfoz.com\/en\/\">Start<\/a><\/span><\/span><\/p>\t\t<\/div>\n\t\t\t\t<\/div>\n\t\t\t\t\t<\/div>\n\t\t<\/div>\n\t\t\t\t\t\t\t<\/div>\n\t\t<\/section>\n\t\t\t\t<section class=\"elementor-section elementor-top-section elementor-element elementor-element-a76c821 elementor-section-full_width elementor-section-height-default elementor-section-height-default\" data-id=\"a76c821\" data-element_type=\"section\">\n\t\t\t\t\t\t<div class=\"elementor-container elementor-column-gap-default\">\n\t\t\t\t\t<div class=\"elementor-column elementor-col-50 elementor-top-column elementor-element elementor-element-a8801db\" data-id=\"a8801db\" data-element_type=\"column\" data-settings=\"{&quot;background_background&quot;:&quot;slideshow&quot;,&quot;background_slideshow_gallery&quot;:[{&quot;id&quot;:23439,&quot;url&quot;:&quot;https:\\\/\\\/www.hoteldelreyfoz.com\\\/wp-content\\\/uploads\\\/2025\\\/12\\\/Hotel-Del-Rey-Heated-Pool.jpg&quot;},{&quot;id&quot;:16735,&quot;url&quot;:&quot;https:\\\/\\\/www.hoteldelreyfoz.com\\\/wp-content\\\/uploads\\\/2021\\\/07\\\/casal-na-piscina-del-rey-foz-5.jpg&quot;},{&quot;id&quot;:16740,&quot;url&quot;:&quot;https:\\\/\\\/www.hoteldelreyfoz.com\\\/wp-content\\\/uploads\\\/2021\\\/07\\\/drinks-piscina-19.jpg&quot;},{&quot;id&quot;:16731,&quot;url&quot;:&quot;https:\\\/\\\/www.hoteldelreyfoz.com\\\/wp-content\\\/uploads\\\/2021\\\/07\\\/drinks-piscina-30.jpg&quot;},{&quot;id&quot;:16738,&quot;url&quot;:&quot;https:\\\/\\\/www.hoteldelreyfoz.com\\\/wp-content\\\/uploads\\\/2021\\\/07\\\/casal-na-piscina-del-rey-foz-10.jpg&quot;},{&quot;id&quot;:16732,&quot;url&quot;:&quot;https:\\\/\\\/www.hoteldelreyfoz.com\\\/wp-content\\\/uploads\\\/2021\\\/07\\\/drinks-piscina-3.jpg&quot;},{&quot;id&quot;:16734,&quot;url&quot;:&quot;https:\\\/\\\/www.hoteldelreyfoz.com\\\/wp-content\\\/uploads\\\/2021\\\/07\\\/casal-na-piscina-del-rey-foz-8.jpg&quot;},{&quot;id&quot;:16733,&quot;url&quot;:&quot;https:\\\/\\\/www.hoteldelreyfoz.com\\\/wp-content\\\/uploads\\\/2021\\\/07\\\/drinks-piscina-1.jpg&quot;},{&quot;id&quot;:16736,&quot;url&quot;:&quot;https:\\\/\\\/www.hoteldelreyfoz.com\\\/wp-content\\\/uploads\\\/2021\\\/07\\\/casal-na-piscina-del-rey-foz.jpg&quot;},{&quot;id&quot;:16739,&quot;url&quot;:&quot;https:\\\/\\\/www.hoteldelreyfoz.com\\\/wp-content\\\/uploads\\\/2021\\\/07\\\/casal-na-piscina-del-rey-foz-9.jpg&quot;}],&quot;background_slideshow_loop&quot;:&quot;yes&quot;,&quot;background_slideshow_slide_duration&quot;:5000,&quot;background_slideshow_slide_transition&quot;:&quot;fade&quot;,&quot;background_slideshow_transition_duration&quot;:500}\">\n\t\t\t<div class=\"elementor-widget-wrap elementor-element-populated\">\n\t\t\t\t\t\t\t\t<div class=\"elementor-element elementor-element-9c68ad2 elementor-widget elementor-widget-spacer\" data-id=\"9c68ad2\" data-element_type=\"widget\" data-widget_type=\"spacer.default\">\n\t\t\t\t<div class=\"elementor-widget-container\">\n\t\t\t\t\t<div class=\"elementor-spacer\">\n\t\t\t<div class=\"elementor-spacer-inner\"><\/div>\n\t\t<\/div>\n\t\t\t\t<\/div>\n\t\t\t\t<\/div>\n\t\t\t\t\t<\/div>\n\t\t<\/div>\n\t\t\t\t<div class=\"elementor-column elementor-col-50 elementor-top-column elementor-element elementor-element-10a3624\" data-id=\"10a3624\" data-element_type=\"column\" data-settings=\"{&quot;background_background&quot;:&quot;classic&quot;}\">\n\t\t\t<div class=\"elementor-widget-wrap elementor-element-populated\">\n\t\t\t\t\t\t\t\t<div class=\"elementor-element elementor-element-0c85db0 elementor-widget elementor-widget-heading\" data-id=\"0c85db0\" data-element_type=\"widget\" data-widget_type=\"heading.default\">\n\t\t\t\t<div class=\"elementor-widget-container\">\n\t\t\t<h2 class=\"elementor-heading-title elementor-size-default\">Panoramic Pool<\/h2>\t\t<\/div>\n\t\t\t\t<\/div>\n\t\t\t\t<div class=\"elementor-element elementor-element-948b5f6 elementor-widget elementor-widget-text-editor\" data-id=\"948b5f6\" data-element_type=\"widget\" data-widget_type=\"text-editor.default\">\n\t\t\t\t<div class=\"elementor-widget-container\">\n\t\t\t\t\t\t\tMeet our panoramic pool that allows you to watch the beautiful sunset that the city provides, in addition to enjoying drinks and other services at the exclusive bar at your disposal.\t\t\t\t\t\t<\/div>\n\t\t\t\t<\/div>\n\t\t\t\t<div class=\"elementor-element elementor-element-4b1280a elementor-widget elementor-widget-text-editor\" data-id=\"4b1280a\" data-element_type=\"widget\" data-widget_type=\"text-editor.default\">\n\t\t\t\t<div class=\"elementor-widget-container\">\n\t\t\t\t\t\t\tFor couples in love, there is an optional reservation option for a private sunrise coffee in the pool area, with VIP service and other perks. Talk to our customer service to find out more.\t\t\t\t\t\t<\/div>\n\t\t\t\t<\/div>\n\t\t\t\t<div class=\"elementor-element elementor-element-7516de2 elementor-mobile-align-left elementor-align-left elementor-widget elementor-widget-button\" data-id=\"7516de2\" data-element_type=\"widget\" data-widget_type=\"button.default\">\n\t\t\t\t<div class=\"elementor-widget-container\">\n\t\t\t\t\t<div class=\"elementor-button-wrapper\">\n\t\t\t<a class=\"elementor-button elementor-button-link elementor-size-sm elementor-animation-float\" href=\"https:\/\/myreservations.omnibees.com\/default.aspx?q=2694&#038;lang=pt-BR&#038;CheckIn=&#038;CheckOut=&#038;ad=1&#038;ch=0\" target=\"_blank\" rel=\"nofollow\">\n\t\t\t\t\t\t<span class=\"elementor-button-content-wrapper\">\n\t\t\t\t\t\t<span class=\"elementor-button-text\">More information \u2192<\/span>\n\t\t<\/span>\n\t\t\t\t\t<\/a>\n\t\t<\/div>\n\t\t\t\t<\/div>\n\t\t\t\t<\/div>\n\t\t\t\t\t<\/div>\n\t\t<\/div>\n\t\t\t\t\t\t\t<\/div>\n\t\t<\/section>\n\t\t\t\t<section class=\"elementor-section elementor-top-section elementor-element elementor-element-c73393c elementor-section-full_width elementor-section-height-default elementor-section-height-default\" data-id=\"c73393c\" data-element_type=\"section\">\n\t\t\t\t\t\t<div class=\"elementor-container elementor-column-gap-default\">\n\t\t\t\t\t<div class=\"elementor-column elementor-col-50 elementor-top-column elementor-element elementor-element-337be4a\" data-id=\"337be4a\" data-element_type=\"column\" data-settings=\"{&quot;background_background&quot;:&quot;classic&quot;}\">\n\t\t\t<div class=\"elementor-widget-wrap elementor-element-populated\">\n\t\t\t\t\t\t\t\t<div class=\"elementor-element elementor-element-75ee368 elementor-widget elementor-widget-heading\" data-id=\"75ee368\" data-element_type=\"widget\" data-widget_type=\"heading.default\">\n\t\t\t\t<div class=\"elementor-widget-container\">\n\t\t\t<h2 class=\"elementor-heading-title elementor-size-default\">games room<\/h2>\t\t<\/div>\n\t\t\t\t<\/div>\n\t\t\t\t<div class=\"elementor-element elementor-element-e71ac94 elementor-widget elementor-widget-text-editor\" data-id=\"e71ac94\" data-element_type=\"widget\" data-widget_type=\"text-editor.default\">\n\t\t\t\t<div class=\"elementor-widget-container\">\n\t\t\t\t\t\t\t<p>In our games room you will find a complete infrastructure for the whole family with Playstation 4, pool table in a bright and cheerful area.<\/p>\t\t\t\t\t\t<\/div>\n\t\t\t\t<\/div>\n\t\t\t\t<div class=\"elementor-element elementor-element-8410302 elementor-widget elementor-widget-text-editor\" data-id=\"8410302\" data-element_type=\"widget\" data-widget_type=\"text-editor.default\">\n\t\t\t\t<div class=\"elementor-widget-container\">\n\t\t\t\t\t\t\tFind out more about the advantages of staying here at the Del Rey Quality Hotel and enjoy Foz do Igua\u00e7u.\t\t\t\t\t\t<\/div>\n\t\t\t\t<\/div>\n\t\t\t\t<div class=\"elementor-element elementor-element-1cc782f elementor-mobile-align-left elementor-align-left popup-reservar-cw3dweb elementor-widget elementor-widget-button\" data-id=\"1cc782f\" data-element_type=\"widget\" data-widget_type=\"button.default\">\n\t\t\t\t<div class=\"elementor-widget-container\">\n\t\t\t\t\t<div class=\"elementor-button-wrapper\">\n\t\t\t<a class=\"elementor-button elementor-button-link elementor-size-sm elementor-animation-float\" href=\"https:\/\/myreservations.omnibees.com\/default.aspx?q=2694&#038;lang=pt-BR&#038;CheckIn=&#038;CheckOut=&#038;ad=1&#038;ch=0\" target=\"_blank\" rel=\"nofollow\">\n\t\t\t\t\t\t<span class=\"elementor-button-content-wrapper\">\n\t\t\t\t\t\t<span class=\"elementor-button-text\">More information \u2192<\/span>\n\t\t<\/span>\n\t\t\t\t\t<\/a>\n\t\t<\/div>\n\t\t\t\t<\/div>\n\t\t\t\t<\/div>\n\t\t\t\t\t<\/div>\n\t\t<\/div>\n\t\t\t\t<div class=\"elementor-column elementor-col-50 elementor-top-column elementor-element elementor-element-64eefec\" data-id=\"64eefec\" data-element_type=\"column\" data-settings=\"{&quot;background_background&quot;:&quot;classic&quot;}\">\n\t\t\t<div class=\"elementor-widget-wrap elementor-element-populated\">\n\t\t\t\t\t\t\t\t<div class=\"elementor-element elementor-element-05d60f4 elementor-widget elementor-widget-spacer\" data-id=\"05d60f4\" data-element_type=\"widget\" data-widget_type=\"spacer.default\">\n\t\t\t\t<div class=\"elementor-widget-container\">\n\t\t\t\t\t<div class=\"elementor-spacer\">\n\t\t\t<div class=\"elementor-spacer-inner\"><\/div>\n\t\t<\/div>\n\t\t\t\t<\/div>\n\t\t\t\t<\/div>\n\t\t\t\t\t<\/div>\n\t\t<\/div>\n\t\t\t\t\t\t\t<\/div>\n\t\t<\/section>\n\t\t\t\t\t\t\t<\/div>","protected":false},"excerpt":{"rendered":"<p>Leisure \u2013 Pool and Games Room Panoramic Pool Discover our panoramic pool that allows you to watch the beautiful sunset that the city provides, in addition to enjoying drinks and other services at the exclusive bar at your disposal. Optional booking option for a sunrise coffee [\u2026]<\/p>","protected":false},"author":1,"featured_media":0,"parent":16543,"menu_order":0,"comment_status":"closed","ping_status":"closed","template":"elementor_header_footer","meta":{"footnotes":""},"categories":[320],"tags":[],"yoast_head":"<!-- This site is optimized with the Yoast SEO plugin v20.12 - https:\/\/yoast.com\/wordpress\/plugins\/seo\/ -->\n<title>Lazer - Piscina e Sal\u00e3o de Jogos - Del Rey Quality Hotel<\/title>\n<meta name=\"description\" content=\"Conhe\u00e7a as \u00e1reas de lazer do Del Rey Quality Hotel, como piscina com vista panor\u00e2mica da cidade e sal\u00e3o de jogos. Divirta-se!\" \/>\n<meta name=\"robots\" content=\"index, follow, max-snippet:-1, max-image-preview:large, max-video-preview:-1\" \/>\n<link rel=\"canonical\" href=\"https:\/\/www.hoteldelreyfoz.com\/en\/del-rey-quality-hotel-in-foz-do-iguacu\/leisure-pool-and-games-room\/\" \/>\n<meta property=\"og:locale\" content=\"en_US\" \/>\n<meta property=\"og:type\" content=\"article\" \/>\n<meta property=\"og:title\" content=\"Lazer - Piscina e Sal\u00e3o de Jogos - Del Rey Quality Hotel\" \/>\n<meta property=\"og:description\" content=\"Conhe\u00e7a as \u00e1reas de lazer do Del Rey Quality Hotel, como piscina com vista panor\u00e2mica da cidade e sal\u00e3o de jogos. Divirta-se!\" \/>\n<meta property=\"og:url\" content=\"https:\/\/www.hoteldelreyfoz.com\/en\/del-rey-quality-hotel-in-foz-do-iguacu\/leisure-pool-and-games-room\/\" \/>\n<meta property=\"og:site_name\" content=\"Del Rey Quality Hotel\" \/>\n<meta property=\"article:publisher\" content=\"https:\/\/www.facebook.com\/delreyfozhotel\" \/>\n<meta property=\"article:modified_time\" content=\"2025-12-16T02:25:18+00:00\" \/>\n<meta name=\"twitter:card\" content=\"summary_large_image\" \/>\n<meta name=\"twitter:label1\" content=\"Est. reading time\" \/>\n\t<meta name=\"twitter:data1\" content=\"1 minute\" \/>\n<script type=\"application\/ld+json\" class=\"yoast-schema-graph\">{\"@context\":\"https:\/\/schema.org\",\"@graph\":[{\"@type\":\"WebPage\",\"@id\":\"https:\/\/www.hoteldelreyfoz.com\/en\/del-rey-quality-hotel-in-foz-do-iguacu\/leisure-pool-and-games-room\/\",\"url\":\"https:\/\/www.hoteldelreyfoz.com\/en\/del-rey-quality-hotel-in-foz-do-iguacu\/leisure-pool-and-games-room\/\",\"name\":\"Lazer - Piscina e Sal\u00e3o de Jogos - Del Rey Quality Hotel\",\"isPartOf\":{\"@id\":\"https:\/\/www.hoteldelreyfoz.com\/#website\"},\"datePublished\":\"2021-07-02T19:39:29+00:00\",\"dateModified\":\"2025-12-16T02:25:18+00:00\",\"description\":\"Conhe\u00e7a as \u00e1reas de lazer do Del Rey Quality Hotel, como piscina com vista panor\u00e2mica da cidade e sal\u00e3o de jogos. Divirta-se!\",\"breadcrumb\":{\"@id\":\"https:\/\/www.hoteldelreyfoz.com\/en\/del-rey-quality-hotel-in-foz-do-iguacu\/leisure-pool-and-games-room\/#breadcrumb\"},\"inLanguage\":\"en-US\",\"potentialAction\":[{\"@type\":\"ReadAction\",\"target\":[\"https:\/\/www.hoteldelreyfoz.com\/en\/del-rey-quality-hotel-in-foz-do-iguacu\/leisure-pool-and-games-room\/\"]}]},{\"@type\":\"BreadcrumbList\",\"@id\":\"https:\/\/www.hoteldelreyfoz.com\/en\/del-rey-quality-hotel-in-foz-do-iguacu\/leisure-pool-and-games-room\/#breadcrumb\",\"itemListElement\":[{\"@type\":\"ListItem\",\"position\":1,\"name\":\"In\u00edcio\",\"item\":\"https:\/\/www.hoteldelreyfoz.com\/en\/\"},{\"@type\":\"ListItem\",\"position\":2,\"name\":\"Del Rey Quality Hotel\",\"item\":\"https:\/\/www.hoteldelreyfoz.com\/en\/del-rey-quality-hotel-in-foz-do-iguacu\/\"},{\"@type\":\"ListItem\",\"position\":3,\"name\":\"Lazer &#8211; Piscina e Sal\u00e3o de Jogos\"}]},{\"@type\":\"WebSite\",\"@id\":\"https:\/\/www.hoteldelreyfoz.com\/#website\",\"url\":\"https:\/\/www.hoteldelreyfoz.com\/\",\"name\":\"Del Rey Quality Hotel\",\"description\":\"Hotel em Foz do Igua\u00e7u com pre\u00e7os acess\u00edveis, quartos amplos e localiza\u00e7\u00e3o no Centro, perto de tudo. Reserve pelo nosso site com desconto!\",\"publisher\":{\"@id\":\"https:\/\/www.hoteldelreyfoz.com\/#organization\"},\"potentialAction\":[{\"@type\":\"SearchAction\",\"target\":{\"@type\":\"EntryPoint\",\"urlTemplate\":\"https:\/\/www.hoteldelreyfoz.com\/?s={search_term_string}\"},\"query-input\":\"required name=search_term_string\"}],\"inLanguage\":\"en-US\"},{\"@type\":\"Organization\",\"@id\":\"https:\/\/www.hoteldelreyfoz.com\/#organization\",\"name\":\"Del Rey Quality Hotel\",\"url\":\"https:\/\/www.hoteldelreyfoz.com\/\",\"logo\":{\"@type\":\"ImageObject\",\"inLanguage\":\"en-US\",\"@id\":\"https:\/\/www.hoteldelreyfoz.com\/#\/schema\/logo\/image\/\",\"url\":\"https:\/\/www.hoteldelreyfoz.com.br\/wp-content\/uploads\/2021\/09\/delrey.png\",\"contentUrl\":\"https:\/\/www.hoteldelreyfoz.com.br\/wp-content\/uploads\/2021\/09\/delrey.png\",\"width\":225,\"height\":224,\"caption\":\"Del Rey Quality Hotel\"},\"image\":{\"@id\":\"https:\/\/www.hoteldelreyfoz.com\/#\/schema\/logo\/image\/\"},\"sameAs\":[\"https:\/\/www.facebook.com\/delreyfozhotel\",\"https:\/\/www.instagram.com\/delreyfoz\/\",\"https:\/\/www.youtube.com\/channel\/UCSBntO46TaFRFMvuxjJBS_w\"]}]}<\/script>\n<!-- \/ Yoast SEO plugin. -->","yoast_head_json":{"title":"Leisure - Pool and Games Room - Del Rey Quality Hotel","description":"Get to know the leisure areas at the Del Rey Quality Hotel, such as a swimming pool with a panoramic view of the city and a games room. Have a good time!","robots":{"index":"index","follow":"follow","max-snippet":"max-snippet:-1","max-image-preview":"max-image-preview:large","max-video-preview":"max-video-preview:-1"},"canonical":"https:\/\/www.hoteldelreyfoz.com\/en\/del-rey-quality-hotel-in-foz-do-iguacu\/leisure-pool-and-games-room\/","og_locale":"en_US","og_type":"article","og_title":"Lazer - Piscina e Sal\u00e3o de Jogos - Del Rey Quality Hotel","og_description":"Conhe\u00e7a as \u00e1reas de lazer do Del Rey Quality Hotel, como piscina com vista panor\u00e2mica da cidade e sal\u00e3o de jogos. Divirta-se!","og_url":"https:\/\/www.hoteldelreyfoz.com\/en\/del-rey-quality-hotel-in-foz-do-iguacu\/leisure-pool-and-games-room\/","og_site_name":"Del Rey Quality Hotel","article_publisher":"https:\/\/www.facebook.com\/delreyfozhotel","article_modified_time":"2025-12-16T02:25:18+00:00","twitter_card":"summary_large_image","twitter_misc":{"Est. reading time":"1 minute"},"schema":{"@context":"https:\/\/schema.org","@graph":[{"@type":"WebPage","@id":"https:\/\/www.hoteldelreyfoz.com\/en\/del-rey-quality-hotel-in-foz-do-iguacu\/leisure-pool-and-games-room\/","url":"https:\/\/www.hoteldelreyfoz.com\/en\/del-rey-quality-hotel-in-foz-do-iguacu\/leisure-pool-and-games-room\/","name":"Leisure - Pool and Games Room - Del Rey Quality Hotel","isPartOf":{"@id":"https:\/\/www.hoteldelreyfoz.com\/#website"},"datePublished":"2021-07-02T19:39:29+00:00","dateModified":"2025-12-16T02:25:18+00:00","description":"Get to know the leisure areas at the Del Rey Quality Hotel, such as a swimming pool with a panoramic view of the city and a games room. Have a good time!","breadcrumb":{"@id":"https:\/\/www.hoteldelreyfoz.com\/en\/del-rey-quality-hotel-in-foz-do-iguacu\/leisure-pool-and-games-room\/#breadcrumb"},"inLanguage":"en-US","potentialAction":[{"@type":"ReadAction","target":["https:\/\/www.hoteldelreyfoz.com\/en\/del-rey-quality-hotel-in-foz-do-iguacu\/leisure-pool-and-games-room\/"]}]},{"@type":"BreadcrumbList","@id":"https:\/\/www.hoteldelreyfoz.com\/en\/del-rey-quality-hotel-in-foz-do-iguacu\/leisure-pool-and-games-room\/#breadcrumb","itemListElement":[{"@type":"ListItem","position":1,"name":"In\u00edcio","item":"https:\/\/www.hoteldelreyfoz.com\/en\/"},{"@type":"ListItem","position":2,"name":"Del Rey Quality Hotel","item":"https:\/\/www.hoteldelreyfoz.com\/en\/del-rey-quality-hotel-in-foz-do-iguacu\/"},{"@type":"ListItem","position":3,"name":"Lazer &#8211; Piscina e Sal\u00e3o de Jogos"}]},{"@type":"WebSite","@id":"https:\/\/www.hoteldelreyfoz.com\/#website","url":"https:\/\/www.hoteldelreyfoz.com\/","name":"Del Rey Quality Hotel","description":"Hotel in Foz do Igua\u00e7u with affordable prices, spacious rooms and central location, close to everything. Book through our website with a discount!","publisher":{"@id":"https:\/\/www.hoteldelreyfoz.com\/#organization"},"potentialAction":[{"@type":"SearchAction","target":{"@type":"EntryPoint","urlTemplate":"https:\/\/www.hoteldelreyfoz.com\/?s={search_term_string}"},"query-input":"required name=search_term_string"}],"inLanguage":"en-US"},{"@type":"Organization","@id":"https:\/\/www.hoteldelreyfoz.com\/#organization","name":"Del Rey Quality Hotel","url":"https:\/\/www.hoteldelreyfoz.com\/","logo":{"@type":"ImageObject","inLanguage":"en-US","@id":"https:\/\/www.hoteldelreyfoz.com\/#\/schema\/logo\/image\/","url":"https:\/\/www.hoteldelreyfoz.com.br\/wp-content\/uploads\/2021\/09\/delrey.png","contentUrl":"https:\/\/www.hoteldelreyfoz.com.br\/wp-content\/uploads\/2021\/09\/delrey.png","width":225,"height":224,"caption":"Del Rey Quality Hotel"},"image":{"@id":"https:\/\/www.hoteldelreyfoz.com\/#\/schema\/logo\/image\/"},"sameAs":["https:\/\/www.facebook.com\/delreyfozhotel","https:\/\/www.instagram.com\/delreyfoz\/","https:\/\/www.youtube.com\/channel\/UCSBntO46TaFRFMvuxjJBS_w"]}]}},"_links":{"self":[{"href":"https:\/\/www.hoteldelreyfoz.com\/en\/wp-json\/wp\/v2\/pages\/16728"}],"collection":[{"href":"https:\/\/www.hoteldelreyfoz.com\/en\/wp-json\/wp\/v2\/pages"}],"about":[{"href":"https:\/\/www.hoteldelreyfoz.com\/en\/wp-json\/wp\/v2\/types\/page"}],"author":[{"embeddable":true,"href":"https:\/\/www.hoteldelreyfoz.com\/en\/wp-json\/wp\/v2\/users\/1"}],"replies":[{"embeddable":true,"href":"https:\/\/www.hoteldelreyfoz.com\/en\/wp-json\/wp\/v2\/comments?post=16728"}],"version-history":[{"count":3,"href":"https:\/\/www.hoteldelreyfoz.com\/en\/wp-json\/wp\/v2\/pages\/16728\/revisions"}],"predecessor-version":[{"id":23442,"href":"https:\/\/www.hoteldelreyfoz.com\/en\/wp-json\/wp\/v2\/pages\/16728\/revisions\/23442"}],"up":[{"embeddable":true,"href":"https:\/\/www.hoteldelreyfoz.com\/en\/wp-json\/wp\/v2\/pages\/16543"}],"wp:attachment":[{"href":"https:\/\/www.hoteldelreyfoz.com\/en\/wp-json\/wp\/v2\/media?parent=16728"}],"wp:term":[{"taxonomy":"category","embeddable":true,"href":"https:\/\/www.hoteldelreyfoz.com\/en\/wp-json\/wp\/v2\/categories?post=16728"},{"taxonomy":"post_tag","embeddable":true,"href":"https:\/\/www.hoteldelreyfoz.com\/en\/wp-json\/wp\/v2\/tags?post=16728"}],"curies":[{"name":"wp","href":"https:\/\/api.w.org\/{rel}","templated":true}]}}